{"id":28624,"date":"2026-01-02T13:59:40","date_gmt":"2026-01-02T13:59:40","guid":{"rendered":"https:\/\/codewatz.org\/recurring-donations\/"},"modified":"2026-01-02T13:59:40","modified_gmt":"2026-01-02T13:59:40","slug":"recurring-donations","status":"publish","type":"page","link":"https:\/\/codewatz.org\/fr\/recurring-donations\/","title":{"rendered":"Recurring Donations"},"content":{"rendered":"<div class=\"give-form\">\n\t\t<form method=\"post\" id=\"give-email-access-form\" action=\"\">\n\t\t\t<p>\n\t\t\t\tVeuillez v\u00e9rifier votre adresse e-mail pour acc\u00e9der \u00e0 votre historique de don.\t\t\t<\/p>\n\n\t\t\t<label for=\"give-email\">E-mail du don\u00a0:<\/label>\n\t\t\t<input id=\"give-email\" type=\"email\" name=\"give_email\" value=\"\"\n\t\t\t\t\tplaceholder=\"Adresse e-mail\"\/>\n\t\t\t<input type=\"hidden\" name=\"_wpnonce\" value=\"125693d702\"\/>\n\t\t\t<input type=\"hidden\" name=\"give_action\" value=\"email_access_form_login\"\/>\n\t\t\t<input type=\"hidden\" name=\"give_access_page\" value=\"28624\"\/>\n\n\t\t\t\n\t\t\t<input type=\"submit\" class=\"give-submit\" value=\"V\u00e9rifier l\u2019e-mail\"\/>\n\t\t<input type=\"hidden\" name=\"trp-form-language\" value=\"fr\"\/><\/form>\n\t<\/div>","protected":false},"excerpt":{"rendered":"","protected":false},"author":1,"featured_media":0,"parent":0,"menu_order":0,"comment_status":"closed","ping_status":"closed","template":"","meta":{"_acf_changed":false,"give_campaign_id":0,"footnotes":""},"class_list":["post-28624","page","type-page","status-publish","hentry","entry"],"acf":[],"yoast_head":"<!-- This site is optimized with the Yoast SEO plugin v27.5 - https:\/\/yoast.com\/product\/yoast-seo-wordpress\/ -->\n<title>Recurring Donations - CODEWA<\/title>\n<meta name=\"robots\" content=\"index, follow, max-snippet:-1, max-image-preview:large, max-video-preview:-1\" \/>\n<link rel=\"canonical\" href=\"https:\/\/codewatz.org\/fr\/recurring-donations\/\" \/>\n<meta property=\"og:locale\" content=\"fr_FR\" \/>\n<meta property=\"og:type\" content=\"article\" \/>\n<meta property=\"og:title\" content=\"Recurring Donations - CODEWA\" \/>\n<meta property=\"og:url\" content=\"https:\/\/codewatz.org\/fr\/recurring-donations\/\" \/>\n<meta property=\"og:site_name\" content=\"CODEWA\" \/>\n<meta name=\"twitter:card\" content=\"summary_large_image\" \/>\n<script type=\"application\/ld+json\" class=\"yoast-schema-graph\">{\"@context\":\"https:\\\/\\\/schema.org\",\"@graph\":[{\"@type\":\"WebPage\",\"@id\":\"https:\\\/\\\/codewatz.org\\\/recurring-donations\\\/\",\"url\":\"https:\\\/\\\/codewatz.org\\\/recurring-donations\\\/\",\"name\":\"Recurring Donations - CODEWA\",\"isPartOf\":{\"@id\":\"https:\\\/\\\/codewatz.org\\\/#website\"},\"datePublished\":\"2026-01-02T13:59:40+00:00\",\"breadcrumb\":{\"@id\":\"https:\\\/\\\/codewatz.org\\\/recurring-donations\\\/#breadcrumb\"},\"inLanguage\":\"fr-FR\",\"potentialAction\":[{\"@type\":\"ReadAction\",\"target\":[\"https:\\\/\\\/codewatz.org\\\/recurring-donations\\\/\"]}]},{\"@type\":\"BreadcrumbList\",\"@id\":\"https:\\\/\\\/codewatz.org\\\/recurring-donations\\\/#breadcrumb\",\"itemListElement\":[{\"@type\":\"ListItem\",\"position\":1,\"name\":\"Home\",\"item\":\"https:\\\/\\\/codewatz.org\\\/\"},{\"@type\":\"ListItem\",\"position\":2,\"name\":\"Recurring Donations\"}]},{\"@type\":\"WebSite\",\"@id\":\"https:\\\/\\\/codewatz.org\\\/#website\",\"url\":\"https:\\\/\\\/codewatz.org\\\/\",\"name\":\"CODEWA\",\"description\":\"\",\"publisher\":{\"@id\":\"https:\\\/\\\/codewatz.org\\\/#organization\"},\"potentialAction\":[{\"@type\":\"SearchAction\",\"target\":{\"@type\":\"EntryPoint\",\"urlTemplate\":\"https:\\\/\\\/codewatz.org\\\/?s={search_term_string}\"},\"query-input\":{\"@type\":\"PropertyValueSpecification\",\"valueRequired\":true,\"valueName\":\"search_term_string\"}}],\"inLanguage\":\"fr-FR\"},{\"@type\":\"Organization\",\"@id\":\"https:\\\/\\\/codewatz.org\\\/#organization\",\"name\":\"CODEWA\",\"url\":\"https:\\\/\\\/codewatz.org\\\/\",\"logo\":{\"@type\":\"ImageObject\",\"inLanguage\":\"fr-FR\",\"@id\":\"https:\\\/\\\/codewatz.org\\\/#\\\/schema\\\/logo\\\/image\\\/\",\"url\":\"https:\\\/\\\/codewatz.org\\\/wp-content\\\/uploads\\\/2021\\\/06\\\/CODEWA-Logo4.png\",\"contentUrl\":\"https:\\\/\\\/codewatz.org\\\/wp-content\\\/uploads\\\/2021\\\/06\\\/CODEWA-Logo4.png\",\"width\":384,\"height\":130,\"caption\":\"CODEWA\"},\"image\":{\"@id\":\"https:\\\/\\\/codewatz.org\\\/#\\\/schema\\\/logo\\\/image\\\/\"}}]}<\/script>\n<!-- \/ Yoast SEO plugin. -->","yoast_head_json":{"title":"Recurring Donations - CODEWA","robots":{"index":"index","follow":"follow","max-snippet":"max-snippet:-1","max-image-preview":"max-image-preview:large","max-video-preview":"max-video-preview:-1"},"canonical":"https:\/\/codewatz.org\/fr\/recurring-donations\/","og_locale":"fr_FR","og_type":"article","og_title":"Recurring Donations - CODEWA","og_url":"https:\/\/codewatz.org\/fr\/recurring-donations\/","og_site_name":"CODEWA","twitter_card":"summary_large_image","schema":{"@context":"https:\/\/schema.org","@graph":[{"@type":"WebPage","@id":"https:\/\/codewatz.org\/recurring-donations\/","url":"https:\/\/codewatz.org\/recurring-donations\/","name":"Recurring Donations - CODEWA","isPartOf":{"@id":"https:\/\/codewatz.org\/#website"},"datePublished":"2026-01-02T13:59:40+00:00","breadcrumb":{"@id":"https:\/\/codewatz.org\/recurring-donations\/#breadcrumb"},"inLanguage":"fr-FR","potentialAction":[{"@type":"ReadAction","target":["https:\/\/codewatz.org\/recurring-donations\/"]}]},{"@type":"BreadcrumbList","@id":"https:\/\/codewatz.org\/recurring-donations\/#breadcrumb","itemListElement":[{"@type":"ListItem","position":1,"name":"Home","item":"https:\/\/codewatz.org\/"},{"@type":"ListItem","position":2,"name":"Recurring Donations"}]},{"@type":"WebSite","@id":"https:\/\/codewatz.org\/#website","url":"https:\/\/codewatz.org\/","name":"CODEWA","description":"","publisher":{"@id":"https:\/\/codewatz.org\/#organization"},"potentialAction":[{"@type":"SearchAction","target":{"@type":"EntryPoint","urlTemplate":"https:\/\/codewatz.org\/?s={search_term_string}"},"query-input":{"@type":"PropertyValueSpecification","valueRequired":true,"valueName":"search_term_string"}}],"inLanguage":"fr-FR"},{"@type":"Organization","@id":"https:\/\/codewatz.org\/#organization","name":"CODEWA","url":"https:\/\/codewatz.org\/","logo":{"@type":"ImageObject","inLanguage":"fr-FR","@id":"https:\/\/codewatz.org\/#\/schema\/logo\/image\/","url":"https:\/\/codewatz.org\/wp-content\/uploads\/2021\/06\/CODEWA-Logo4.png","contentUrl":"https:\/\/codewatz.org\/wp-content\/uploads\/2021\/06\/CODEWA-Logo4.png","width":384,"height":130,"caption":"CODEWA"},"image":{"@id":"https:\/\/codewatz.org\/#\/schema\/logo\/image\/"}}]}},"campaignId":"","_links":{"self":[{"href":"https:\/\/codewatz.org\/fr\/wp-json\/wp\/v2\/pages\/28624","targetHints":{"allow":["GET"]}}],"collection":[{"href":"https:\/\/codewatz.org\/fr\/wp-json\/wp\/v2\/pages"}],"about":[{"href":"https:\/\/codewatz.org\/fr\/wp-json\/wp\/v2\/types\/page"}],"author":[{"embeddable":true,"href":"https:\/\/codewatz.org\/fr\/wp-json\/wp\/v2\/users\/1"}],"replies":[{"embeddable":true,"href":"https:\/\/codewatz.org\/fr\/wp-json\/wp\/v2\/comments?post=28624"}],"version-history":[{"count":0,"href":"https:\/\/codewatz.org\/fr\/wp-json\/wp\/v2\/pages\/28624\/revisions"}],"wp:attachment":[{"href":"https:\/\/codewatz.org\/fr\/wp-json\/wp\/v2\/media?parent=28624"}],"curies":[{"name":"wp","href":"https:\/\/api.w.org\/{rel}","templated":true}]}}